{"id":557,"date":"2024-03-27T18:51:56","date_gmt":"2024-03-27T09:51:56","guid":{"rendered":"https:\/\/wd.fujikanko.co.jp\/wp\/phieu-giam-gia\/"},"modified":"2026-03-19T15:12:49","modified_gmt":"2026-03-19T06:12:49","slug":"coupon","status":"publish","type":"page","link":"https:\/\/wd.fujikanko.co.jp\/vi\/coupon\/","title":{"rendered":"Phi\u1ebfu gi\u1ea3m gi\u00e1"},"content":{"rendered":"\n<div class=\"wp-block-media-text has-media-on-the-right is-stacked-on-mobile\"><div class=\"wp-block-media-text__content\">\n<p class=\"has-text-align-center\"><strong><strong><strong>Khu tr\u01b0\u1ee3t tuy\u1ebft Fujiten Snow<\/strong><\/strong><\/strong><br\/><strong>(Gi\u1eefa th\u00e1ng 12 \u0111\u1ebfn cu\u1ed1i th\u00e1ng 3)<\/strong><\/p>\n\n\n\n<h2 class=\"wp-block-heading has-text-align-center\"><strong><strong><strong>Gi\u1ea3m gi\u00e1 300 y\u00ean cho v\u00e9 c\u00e1p treo m\u1ed9t ng\u00e0y.<\/strong><\/strong><\/strong><\/h2>\n\n\n\n<div class=\"wp-block-buttons is-content-justification-center is-layout-flex wp-container-core-buttons-is-layout-16018d1d wp-block-buttons-is-layout-flex\">\n<div class=\"wp-block-button\"><a class=\"wp-block-button__link has-white-color has-luminous-vivid-orange-background-color has-text-color has-background has-link-color has-text-align-left wp-element-button\" href=\"https:\/\/wd.fujikanko.co.jp\/vi\/coupon\/fujiten-lift\/\">B\u1ea5m v\u00e0o \u0111\u00e2y \u0111\u1ec3 nh\u1eadn phi\u1ebfu gi\u1ea3m gi\u00e1<\/a><\/div>\n<\/div>\n<\/div><figure class=\"wp-block-media-text__media\"><img loading=\"lazy\" decoding=\"async\" width=\"1000\" height=\"666\" src=\"https:\/\/wd.fujikanko.co.jp\/wp\/wp-content\/uploads\/2024\/10\/photo\u2460\u300c\u5bcc\u58eb\u5c71\u30b2\u30ec\u30f3\u30c7\u5168\u666f\u300d-\u30b3\u30d4\u30fc.jpg\" alt=\"\" class=\"wp-image-2093 size-full\" srcset=\"https:\/\/wd.fujikanko.co.jp\/wp\/wp-content\/uploads\/2024\/10\/photo\u2460\u300c\u5bcc\u58eb\u5c71\u30b2\u30ec\u30f3\u30c7\u5168\u666f\u300d-\u30b3\u30d4\u30fc.jpg 1000w, https:\/\/wd.fujikanko.co.jp\/wp\/wp-content\/uploads\/2024\/10\/photo\u2460\u300c\u5bcc\u58eb\u5c71\u30b2\u30ec\u30f3\u30c7\u5168\u666f\u300d-\u30b3\u30d4\u30fc-300x200.jpg 300w, https:\/\/wd.fujikanko.co.jp\/wp\/wp-content\/uploads\/2024\/10\/photo\u2460\u300c\u5bcc\u58eb\u5c71\u30b2\u30ec\u30f3\u30c7\u5168\u666f\u300d-\u30b3\u30d4\u30fc-768x511.jpg 768w\" sizes=\"auto, (max-width: 1000px) 100vw, 1000px\" \/><\/figure><\/div>\n\n<hr class=\"wp-block-separator has-alpha-channel-opacity\"\/>\n\n<div class=\"wp-block-media-text has-media-on-the-right is-stacked-on-mobile\"><div class=\"wp-block-media-text__content\">\n<p class=\"has-text-align-center\"><strong><strong>Khu v\u1ef1c Fuji Subaru Land<\/strong><\/strong><\/p>\n\n\n\n<h2 class=\"wp-block-heading has-text-align-center\"><strong><strong>Gi\u1ea3m gi\u00e1 200 y\u00ean cho v\u00e9 s\u1eed d\u1ee5ng c\u1ea3 ng\u00e0y<\/strong><\/strong><\/h2>\n\n\n\n<div class=\"wp-block-buttons is-content-justification-center is-layout-flex wp-container-core-buttons-is-layout-16018d1d wp-block-buttons-is-layout-flex\">\n<div class=\"wp-block-button\"><a class=\"wp-block-button__link has-white-color has-luminous-vivid-orange-background-color has-text-color has-background has-link-color has-text-align-left wp-element-button\" href=\"https:\/\/wd.fujikanko.co.jp\/vi\/coupon\/onedaypass\/\">B\u1ea5m v\u00e0o \u0111\u00e2y \u0111\u1ec3 nh\u1eadn phi\u1ebfu gi\u1ea3m gi\u00e1<\/a><\/div>\n<\/div>\n<\/div><figure class=\"wp-block-media-text__media\"><img loading=\"lazy\" decoding=\"async\" width=\"640\" height=\"420\" src=\"https:\/\/wd.fujikanko.co.jp\/wp\/wp-content\/uploads\/2024\/03\/coupon-subaru-1day.jpg\" alt=\"\" class=\"wp-image-96 size-full\" srcset=\"https:\/\/wd.fujikanko.co.jp\/wp\/wp-content\/uploads\/2024\/03\/coupon-subaru-1day.jpg 640w, https:\/\/wd.fujikanko.co.jp\/wp\/wp-content\/uploads\/2024\/03\/coupon-subaru-1day-300x197.jpg 300w\" sizes=\"auto, (max-width: 640px) 100vw, 640px\" \/><\/figure><\/div>\n\n<hr class=\"wp-block-separator has-alpha-channel-opacity\"\/>\n\n<div class=\"wp-block-media-text has-media-on-the-right is-stacked-on-mobile\"><div class=\"wp-block-media-text__content\">\n<p class=\"has-text-align-center\"><strong><strong>Su\u1ed1i n\u01b0\u1edbc n\u00f3ng Yurari nh\u00ecn ra Ph\u00fa S\u0129<\/strong><\/strong><\/p>\n\n\n\n<h2 class=\"wp-block-heading has-text-align-center\"><strong><strong>Gi\u1ea3m gi\u00e1 100 y\u00ean \u0111\u1ed1i v\u1edbi ph\u00ed v\u00e0o t\u1eafm d\u00e0nh cho ng\u01b0\u1eddi l\u1edbn<\/strong><\/strong><\/h2>\n\n\n\n<div class=\"wp-block-buttons is-content-justification-center is-layout-flex wp-container-core-buttons-is-layout-16018d1d wp-block-buttons-is-layout-flex\">\n<div class=\"wp-block-button\"><a class=\"wp-block-button__link has-white-color has-luminous-vivid-orange-background-color has-text-color has-background has-link-color wp-element-button\" href=\"https:\/\/wd.fujikanko.co.jp\/vi\/coupon\/fuji-yurari-onsen\/\">B\u1ea5m v\u00e0o \u0111\u00e2y \u0111\u1ec3 nh\u1eadn phi\u1ebfu gi\u1ea3m gi\u00e1<\/a><\/div>\n<\/div>\n<\/div><figure class=\"wp-block-media-text__media\"><img loading=\"lazy\" decoding=\"async\" width=\"1000\" height=\"666\" src=\"https:\/\/wd.fujikanko.co.jp\/wp\/wp-content\/uploads\/2024\/07\/\u970a\u5cf0\u9732\u5929\u98a8\u5442.jpg\" alt=\"\" class=\"wp-image-1497 size-full\" srcset=\"https:\/\/wd.fujikanko.co.jp\/wp\/wp-content\/uploads\/2024\/07\/\u970a\u5cf0\u9732\u5929\u98a8\u5442.jpg 1000w, https:\/\/wd.fujikanko.co.jp\/wp\/wp-content\/uploads\/2024\/07\/\u970a\u5cf0\u9732\u5929\u98a8\u5442-300x200.jpg 300w, https:\/\/wd.fujikanko.co.jp\/wp\/wp-content\/uploads\/2024\/07\/\u970a\u5cf0\u9732\u5929\u98a8\u5442-768x511.jpg 768w\" sizes=\"auto, (max-width: 1000px) 100vw, 1000px\" \/><\/figure><\/div>\n\n<hr class=\"wp-block-separator has-alpha-channel-opacity\"\/>\n\n<div class=\"wp-block-media-text has-media-on-the-right is-stacked-on-mobile\"><div class=\"wp-block-media-text__content\">\n<p class=\"has-text-align-center\"><strong><strong><strong>Khu ngh\u1ec9 d\u01b0\u1ee1ng Fujiten<\/strong><\/strong><\/strong><br\/><strong>(\u0110\u1ea7u th\u00e1ng 5 \u0111\u1ebfn cu\u1ed1i th\u00e1ng 10)<\/strong><\/p>\n\n\n\n<h2 class=\"wp-block-heading has-text-align-center\"><strong><strong><strong>Gi\u1ea3m gi\u00e1 300 y\u00ean cho v\u00e9 c\u00e1p treo m\u1ed9t ng\u00e0y.<\/strong><\/strong><\/strong><\/h2>\n\n\n\n<div class=\"wp-block-buttons is-content-justification-center is-layout-flex wp-container-core-buttons-is-layout-16018d1d wp-block-buttons-is-layout-flex\">\n<div class=\"wp-block-button\"><a class=\"wp-block-button__link has-white-color has-luminous-vivid-orange-background-color has-text-color has-background has-link-color has-text-align-left wp-element-button\" href=\"https:\/\/wd.fujikanko.co.jp\/vi\/coupon\/fujiten-summer-lift\/\">B\u1ea5m v\u00e0o \u0111\u00e2y \u0111\u1ec3 nh\u1eadn phi\u1ebfu gi\u1ea3m gi\u00e1<\/a><\/div>\n<\/div>\n<\/div><figure class=\"wp-block-media-text__media\"><img loading=\"lazy\" decoding=\"async\" width=\"1024\" height=\"683\" src=\"https:\/\/wd.fujikanko.co.jp\/wp\/wp-content\/uploads\/2024\/05\/\u30de\u30a6\u30f3\u30c6\u30f3\u30d0\u30a4\u30af_\u30d5\u30a1\u30df\u30ea\u30fc-1024x683.jpg\" alt=\"\" class=\"wp-image-1026 size-full\" srcset=\"https:\/\/wd.fujikanko.co.jp\/wp\/wp-content\/uploads\/2024\/05\/\u30de\u30a6\u30f3\u30c6\u30f3\u30d0\u30a4\u30af_\u30d5\u30a1\u30df\u30ea\u30fc-1024x683.jpg 1024w, https:\/\/wd.fujikanko.co.jp\/wp\/wp-content\/uploads\/2024\/05\/\u30de\u30a6\u30f3\u30c6\u30f3\u30d0\u30a4\u30af_\u30d5\u30a1\u30df\u30ea\u30fc-300x200.jpg 300w, https:\/\/wd.fujikanko.co.jp\/wp\/wp-content\/uploads\/2024\/05\/\u30de\u30a6\u30f3\u30c6\u30f3\u30d0\u30a4\u30af_\u30d5\u30a1\u30df\u30ea\u30fc-768x512.jpg 768w, https:\/\/wd.fujikanko.co.jp\/wp\/wp-content\/uploads\/2024\/05\/\u30de\u30a6\u30f3\u30c6\u30f3\u30d0\u30a4\u30af_\u30d5\u30a1\u30df\u30ea\u30fc.jpg 1200w\" sizes=\"auto, (max-width: 1024px) 100vw, 1024px\" \/><\/figure><\/div>\n\n<hr class=\"wp-block-separator has-alpha-channel-opacity\"\/>\n","protected":false},"excerpt":{"rendered":"","protected":false},"author":2,"featured_media":0,"parent":0,"menu_order":0,"comment_status":"closed","ping_status":"closed","template":"","meta":{"_acf_changed":false,"footnotes":""},"class_list":["post-557","page","type-page","status-publish","hentry"],"acf":[],"_links":{"self":[{"href":"https:\/\/wd.fujikanko.co.jp\/vi\/wp-json\/wp\/v2\/pages\/557","targetHints":{"allow":["GET"]}}],"collection":[{"href":"https:\/\/wd.fujikanko.co.jp\/vi\/wp-json\/wp\/v2\/pages"}],"about":[{"href":"https:\/\/wd.fujikanko.co.jp\/vi\/wp-json\/wp\/v2\/types\/page"}],"author":[{"embeddable":true,"href":"https:\/\/wd.fujikanko.co.jp\/vi\/wp-json\/wp\/v2\/users\/2"}],"replies":[{"embeddable":true,"href":"https:\/\/wd.fujikanko.co.jp\/vi\/wp-json\/wp\/v2\/comments?post=557"}],"version-history":[{"count":5,"href":"https:\/\/wd.fujikanko.co.jp\/vi\/wp-json\/wp\/v2\/pages\/557\/revisions"}],"predecessor-version":[{"id":3565,"href":"https:\/\/wd.fujikanko.co.jp\/vi\/wp-json\/wp\/v2\/pages\/557\/revisions\/3565"}],"wp:attachment":[{"href":"https:\/\/wd.fujikanko.co.jp\/vi\/wp-json\/wp\/v2\/media?parent=557"}],"curies":[{"name":"wp","href":"https:\/\/api.w.org\/{rel}","templated":true}]}}