{"id":555,"date":"2024-03-27T18:51:48","date_gmt":"2024-03-27T09:51:48","guid":{"rendered":"https:\/\/wd.fujikanko.co.jp\/wp\/trang-chu\/"},"modified":"2026-03-19T15:33:25","modified_gmt":"2026-03-19T06:33:25","slug":"home","status":"publish","type":"page","link":"https:\/\/wd.fujikanko.co.jp\/vi\/","title":{"rendered":"Trang ch\u1ee7"},"content":{"rendered":"\n<div id=\"news\" class=\"wp-block-group home-news\"><div class=\"wp-block-group__inner-container is-layout-constrained wp-block-group-is-layout-constrained\">\n<h2 class=\"wp-block-heading has-text-align-center is-style-heading-fill\">Tin t\u1ee9c &amp; Ch\u1ee7 \u0111\u1ec1<\/h2>\n\n\n<div class=\"news display-none-date\"><ul class=\"news-list\"><li class=\"news-item\"><p class=\"news-item-date\"><time>2026\/4\/8<\/time><\/p><ul class=\"categories-list news-item-categories\"><li><a href=\"https:\/\/wd.fujikanko.co.jp\/vi\/category\/news-fujikanko-travel-vi\/\" class=\"cat-58 cat-news-fujikanko-travel-vi\">Du l\u1ecbch Fujikanko<\/a><\/li><\/ul><h3 class=\"news-item-title\"><a href=\"https:\/\/wd.fujikanko.co.jp\/vi\/%e6%a1%9c%e3%82%81%e3%81%90%e3%82%8a%e3%81%ab%e3%81%af%e3%83%ac%e3%83%b3%e3%82%bf%e3%82%b5%e3%82%a4%e3%82%af%e3%83%ab%e3%81%8c%e3%81%8a%e3%81%99%e3%81%99%e3%82%81%ef%bc%81\/\">Thu\u00ea xe \u0111\u1ea1p l\u00e0 l\u1ef1a ch\u1ecdn tuy\u1ec7t v\u1eddi \u0111\u1ec3 ng\u1eafm hoa anh \u0111\u00e0o!<\/a><\/h3><\/li><li class=\"news-item\"><p class=\"news-item-date\"><time>2025\/12\/11<\/time><\/p><ul class=\"categories-list news-item-categories\"><li><a href=\"https:\/\/wd.fujikanko.co.jp\/vi\/category\/news-fujiten-vi\/\" class=\"cat-57 cat-news-fujiten-vi\">Khu tr\u01b0\u1ee3t tuy\u1ebft Fujiten Snow<\/a><\/li><\/ul><h3 class=\"news-item-title\"><a href=\"https:\/\/wd.fujikanko.co.jp\/vi\/facility_fujiten\/\">[M\u00f9a gi\u1ea3i 2025-2026] Khai tr\u01b0\u01a1ng ng\u00e0y 13 th\u00e1ng 12! H\u00e3y t\u1eadn h\u01b0\u1edfng tr\u01b0\u1ee3t tuy\u1ebft, tr\u01b0\u1ee3t v\u00e1n tr\u00ean tuy\u1ebft v\u00e0 tr\u01b0\u1ee3t m\u00e1ng t\u1ea1i Khu ngh\u1ec9 d\u01b0\u1ee1ng tuy\u1ebft Fujiten.<\/a><\/h3><\/li><li class=\"news-item\"><p class=\"news-item-date\"><time>2025\/12\/11<\/time><\/p><ul class=\"categories-list news-item-categories\"><li><a href=\"https:\/\/wd.fujikanko.co.jp\/vi\/category\/news-fujikanko-travel-vi\/\" class=\"cat-58 cat-news-fujikanko-travel-vi\">Du l\u1ecbch Fujikanko<\/a><\/li><li><a href=\"https:\/\/wd.fujikanko.co.jp\/vi\/category\/news-fujiten-vi\/\" class=\"cat-57 cat-news-fujiten-vi\">Khu tr\u01b0\u1ee3t tuy\u1ebft Fujiten Snow<\/a><\/li><\/ul><h3 class=\"news-item-title\"><a href=\"https:\/\/wd.fujikanko.co.jp\/vi\/fujiten_shuttlebus\/\">Xe bu\u00fdt \u0111\u01b0a \u0111\u00f3n Fujiten hi\u1ec7n \u0111ang ho\u1ea1t \u0111\u1ed9ng gi\u1eefa Ga Kawaguchiko v\u00e0 Fujiten!<\/a><\/h3><\/li><\/ul><\/div>\n\n\n\n<div class=\"wp-block-buttons is-content-justification-center is-layout-flex wp-container-core-buttons-is-layout-16018d1d wp-block-buttons-is-layout-flex\">\n<div class=\"wp-block-button\"><a class=\"wp-block-button__link has-white-color has-custom-blue-background-color has-text-color has-background has-link-color wp-element-button\" href=\"https:\/\/wd.fujikanko.co.jp\/vi\/tin-tuc\/\">Xem danh s\u00e1ch<\/a><\/div>\n<\/div>\n<\/div><\/div>\n\n<div class=\"wp-block-columns w-large is-layout-flex wp-container-core-columns-is-layout-9d6595d7 wp-block-columns-is-layout-flex\">\n<div class=\"wp-block-column is-layout-flow wp-block-column-is-layout-flow\">\n<div class=\"wp-block-cover aligncenter is-light has-small-font-size\" style=\"min-height:292px;aspect-ratio:unset;\"><img loading=\"lazy\" decoding=\"async\" width=\"1447\" height=\"1613\" class=\"wp-block-cover__image-background wp-image-2978 size-full\" alt=\"\" src=\"https:\/\/wd.fujikanko.co.jp\/wp\/wp-content\/uploads\/2025\/05\/IMG_7343-1.jpg\" data-object-fit=\"cover\" srcset=\"https:\/\/wd.fujikanko.co.jp\/wp\/wp-content\/uploads\/2025\/05\/IMG_7343-1.jpg 1447w, https:\/\/wd.fujikanko.co.jp\/wp\/wp-content\/uploads\/2025\/05\/IMG_7343-1-269x300.jpg 269w, https:\/\/wd.fujikanko.co.jp\/wp\/wp-content\/uploads\/2025\/05\/IMG_7343-1-919x1024.jpg 919w, https:\/\/wd.fujikanko.co.jp\/wp\/wp-content\/uploads\/2025\/05\/IMG_7343-1-768x856.jpg 768w, https:\/\/wd.fujikanko.co.jp\/wp\/wp-content\/uploads\/2025\/05\/IMG_7343-1-1378x1536.jpg 1378w\" sizes=\"auto, (max-width: 1447px) 100vw, 1447px\" \/><span aria-hidden=\"true\" class=\"wp-block-cover__background has-background-dim\" style=\"background-color:#718598\"><\/span><div class=\"wp-block-cover__inner-container is-layout-flow wp-block-cover-is-layout-flow\">\n<p class=\"has-text-align-center has-white-color has-text-color has-link-color has-medium-font-size wp-elements-0f664e7a2066eb33b1f8d0afb6c8f8c1\"><a href=\"https:\/\/www.fujikanko-travel.jp\/rental_cycle\/\" target=\"_blank\" rel=\"noreferrer noopener\"><strong>Cho thu\u00ea xe \u0111\u1ea1p<\/strong><\/a><\/p>\n<\/div><\/div>\n<\/div>\n\n\n\n<div class=\"wp-block-column is-layout-flow wp-block-column-is-layout-flow\">\n<div class=\"wp-block-cover aligncenter is-light\" style=\"min-height:300px;aspect-ratio:unset;\"><img loading=\"lazy\" decoding=\"async\" width=\"666\" height=\"1000\" class=\"wp-block-cover__image-background wp-image-3426 size-full\" alt=\"\" src=\"https:\/\/wd.fujikanko.co.jp\/wp\/wp-content\/uploads\/2026\/03\/150119-20_\u3075\u3058090.jpg\" data-object-fit=\"cover\" srcset=\"https:\/\/wd.fujikanko.co.jp\/wp\/wp-content\/uploads\/2026\/03\/150119-20_\u3075\u3058090.jpg 666w, https:\/\/wd.fujikanko.co.jp\/wp\/wp-content\/uploads\/2026\/03\/150119-20_\u3075\u3058090-200x300.jpg 200w\" sizes=\"auto, (max-width: 666px) 100vw, 666px\" \/><span aria-hidden=\"true\" class=\"wp-block-cover__background has-background-dim\" style=\"background-color:#a1a4ab\"><\/span><div class=\"wp-block-cover__inner-container is-layout-flow wp-block-cover-is-layout-flow\">\n<p class=\"has-text-align-center has-white-color has-text-color has-link-color has-medium-font-size wp-elements-4baf0c5d0f8df6050e76ae3f5e138cee\"><strong><a href=\"https:\/\/www.fuji-yurari.jp\/english.html\" target=\"_blank\" rel=\"noreferrer noopener\">su\u1ed1i n\u01b0\u1edbc n\u00f3ng<\/a><\/strong><\/p>\n<\/div><\/div>\n<\/div>\n\n\n\n<div class=\"wp-block-column is-layout-flow wp-block-column-is-layout-flow\">\n<div class=\"wp-block-cover aligncenter\" style=\"min-height:300px;aspect-ratio:unset;\"><img loading=\"lazy\" decoding=\"async\" width=\"2560\" height=\"1707\" class=\"wp-block-cover__image-background wp-image-2585 size-full\" alt=\"\" src=\"https:\/\/wd.fujikanko.co.jp\/wp\/wp-content\/uploads\/2025\/03\/\u65b0\u5009\u5c71\u6d45\u9593\u516c\u5712_\u5fe0\u970a\u5854-scaled.jpg\" data-object-fit=\"cover\" srcset=\"https:\/\/wd.fujikanko.co.jp\/wp\/wp-content\/uploads\/2025\/03\/\u65b0\u5009\u5c71\u6d45\u9593\u516c\u5712_\u5fe0\u970a\u5854-scaled.jpg 2560w, https:\/\/wd.fujikanko.co.jp\/wp\/wp-content\/uploads\/2025\/03\/\u65b0\u5009\u5c71\u6d45\u9593\u516c\u5712_\u5fe0\u970a\u5854-300x200.jpg 300w, https:\/\/wd.fujikanko.co.jp\/wp\/wp-content\/uploads\/2025\/03\/\u65b0\u5009\u5c71\u6d45\u9593\u516c\u5712_\u5fe0\u970a\u5854-1024x683.jpg 1024w, https:\/\/wd.fujikanko.co.jp\/wp\/wp-content\/uploads\/2025\/03\/\u65b0\u5009\u5c71\u6d45\u9593\u516c\u5712_\u5fe0\u970a\u5854-768x512.jpg 768w, https:\/\/wd.fujikanko.co.jp\/wp\/wp-content\/uploads\/2025\/03\/\u65b0\u5009\u5c71\u6d45\u9593\u516c\u5712_\u5fe0\u970a\u5854-1536x1024.jpg 1536w, https:\/\/wd.fujikanko.co.jp\/wp\/wp-content\/uploads\/2025\/03\/\u65b0\u5009\u5c71\u6d45\u9593\u516c\u5712_\u5fe0\u970a\u5854-2048x1365.jpg 2048w\" sizes=\"auto, (max-width: 2560px) 100vw, 2560px\" \/><span aria-hidden=\"true\" class=\"wp-block-cover__background has-background-dim\" style=\"background-color:#718598\"><\/span><div class=\"wp-block-cover__inner-container is-layout-flow wp-block-cover-is-layout-flow\">\n<p class=\"has-text-align-center has-white-color has-text-color has-link-color has-medium-font-size wp-elements-22d3c06f1b0787e41933b9a90ade7f1d\"><strong><a href=\"https:\/\/matcha-jp.com\/jp\/mcm15477\">Nh\u1ea5p v\u00e0o \u0111\u00e2y \u0111\u1ec3 xem th\u00f4ng tin du l\u1ecbch v\u1ec1 Ng\u0169 H\u1ed3 Ph\u00fac Ki\u1ebfn.<\/a><\/strong><\/p>\n<\/div><\/div>\n<\/div>\n<\/div>\n\n<div id=\"facilities\" class=\"wp-block-group home-facilities\"><div class=\"wp-block-group__inner-container is-layout-constrained wp-block-group-is-layout-constrained\">\n<h2 class=\"wp-block-heading has-text-align-center is-style-heading-fill\">Danh s\u00e1ch c\u00e1c ti\u1ec7n nghi<\/h2>\n\n\n\n<div class=\"wp-block-group facilities-list\"><div class=\"wp-block-group__inner-container is-layout-constrained wp-block-group-is-layout-constrained\">\n<div class=\"wp-block-columns is-layout-flex wp-container-core-columns-is-layout-9d6595d7 wp-block-columns-is-layout-flex\">\n<div class=\"wp-block-column column-icon-tour is-layout-flow wp-block-column-is-layout-flow\">\n<figure class=\"wp-block-image size-full\"><a class=\"hover-fade\" href=\"https:\/\/www.fujikanko-travel.jp\/jp\" target=\"_blank\" rel=\"noreferrer noopener\"><img loading=\"lazy\" decoding=\"async\" width=\"960\" height=\"640\" src=\"https:\/\/wd.fujikanko.co.jp\/wp\/wp-content\/uploads\/2024\/04\/facility-fujikanko-travel.jpg\" alt=\"\" class=\"wp-image-180\" srcset=\"https:\/\/wd.fujikanko.co.jp\/wp\/wp-content\/uploads\/2024\/04\/facility-fujikanko-travel.jpg 960w, https:\/\/wd.fujikanko.co.jp\/wp\/wp-content\/uploads\/2024\/04\/facility-fujikanko-travel-300x200.jpg 300w, https:\/\/wd.fujikanko.co.jp\/wp\/wp-content\/uploads\/2024\/04\/facility-fujikanko-travel-768x512.jpg 768w\" sizes=\"auto, (max-width: 960px) 100vw, 960px\" \/><\/a><\/figure>\n\n\n\n<div class=\"wp-block-group\"><div class=\"wp-block-group__inner-container is-layout-constrained wp-block-group-is-layout-constrained\">\n<h3 class=\"wp-block-heading is-style-default\"><a href=\"https:\/\/www.fujikanko-travel.jp\/jp\" target=\"_blank\" rel=\"noreferrer noopener nofollow\"><\/a><a href=\"https:\/\/www.fujikanko-travel.jp\/jp\" target=\"_blank\" rel=\"noreferrer noopener nofollow\">Du l\u1ecbch Fujikanko<\/a><\/h3>\n\n\n\n<p>D\u00e0nh cho nh\u1eefng ai \u0111ang t\u00ecm ki\u1ebfm c\u00e1c chuy\u1ebfn \u0111i tr\u1ea3i nghi\u1ec7m trong ng\u00e0y \u0111\u1ebfn khu v\u1ef1c xung quanh n\u00fai Fuji, ho\u1eb7c c\u00e1c tour du l\u1ecbch kh\u00e1c cho ph\u00e9p b\u1ea1n tr\u1ea3i nghi\u1ec7m v\u1ebb \u0111\u1eb9p t\u1ef1 nhi\u00ean c\u1ee7a n\u00fai Fuji.<\/p>\n<\/div><\/div>\n<\/div>\n\n\n\n<div class=\"wp-block-column column-icon-bike is-layout-flow wp-block-column-is-layout-flow\">\n<figure class=\"wp-block-image size-full\"><a class=\"hover-fade\" href=\"https:\/\/www.summer.fujiten.net\" target=\"_blank\" rel=\"noreferrer noopener\"><img loading=\"lazy\" decoding=\"async\" width=\"960\" height=\"640\" src=\"https:\/\/wd.fujikanko.co.jp\/wp\/wp-content\/uploads\/2024\/04\/facility-fujiten-summer.jpg\" alt=\"\" class=\"wp-image-181\" srcset=\"https:\/\/wd.fujikanko.co.jp\/wp\/wp-content\/uploads\/2024\/04\/facility-fujiten-summer.jpg 960w, https:\/\/wd.fujikanko.co.jp\/wp\/wp-content\/uploads\/2024\/04\/facility-fujiten-summer-300x200.jpg 300w, https:\/\/wd.fujikanko.co.jp\/wp\/wp-content\/uploads\/2024\/04\/facility-fujiten-summer-768x512.jpg 768w\" sizes=\"auto, (max-width: 960px) 100vw, 960px\" \/><\/a><\/figure>\n\n\n\n<div class=\"wp-block-group\"><div class=\"wp-block-group__inner-container is-layout-constrained wp-block-group-is-layout-constrained\">\n<h3 class=\"wp-block-heading\"><a href=\"https:\/\/www.summer.fujiten.net\/?hl=en\" target=\"_blank\" rel=\"noreferrer noopener nofollow\">Khu ngh\u1ec9 d\u01b0\u1ee1ng Fujiten<\/a><\/h3>\n\n\n\n<p>Khu ngh\u1ec9 d\u01b0\u1ee1ng n\u00e0y cung c\u1ea5p nhi\u1ec1u ho\u1ea1t \u0111\u1ed9ng m\u00f9a h\u00e8 \u0111a d\u1ea1ng, bao g\u1ed3m \u0111\u1ea1p xe leo n\u00fai, tr\u01b0\u1ee3t tuy\u1ebft m\u00f9a h\u00e8 v\u00e0 ti\u1ec7c n\u01b0\u1edbng b\u00ean s\u01b0\u1eddn d\u1ed1c.<\/p>\n<\/div><\/div>\n<\/div>\n\n\n\n<div class=\"wp-block-column column-icon-snowboard is-layout-flow wp-block-column-is-layout-flow\">\n<figure class=\"wp-block-image size-full\"><a class=\"hover-fade\" href=\"https:\/\/www.fujiten.net\/\" target=\"_blank\" rel=\"noreferrer noopener\"><img loading=\"lazy\" decoding=\"async\" width=\"960\" height=\"640\" src=\"https:\/\/wd.fujikanko.co.jp\/wp\/wp-content\/uploads\/2024\/04\/facility-fujiten.jpg\" alt=\"\" class=\"wp-image-182\" srcset=\"https:\/\/wd.fujikanko.co.jp\/wp\/wp-content\/uploads\/2024\/04\/facility-fujiten.jpg 960w, https:\/\/wd.fujikanko.co.jp\/wp\/wp-content\/uploads\/2024\/04\/facility-fujiten-300x200.jpg 300w, https:\/\/wd.fujikanko.co.jp\/wp\/wp-content\/uploads\/2024\/04\/facility-fujiten-768x512.jpg 768w\" sizes=\"auto, (max-width: 960px) 100vw, 960px\" \/><\/a><\/figure>\n\n\n\n<div class=\"wp-block-group\"><div class=\"wp-block-group__inner-container is-layout-constrained wp-block-group-is-layout-constrained\">\n<h3 class=\"wp-block-heading\"><a href=\"https:\/\/www.fujiten.net\/?hl=en\" target=\"_blank\" rel=\"noreferrer noopener nofollow\">Khu tr\u01b0\u1ee3t tuy\u1ebft Fujiten Snow<\/a><\/h3>\n\n\n\n<p>M\u1ed9t khu ngh\u1ec9 d\u01b0\u1ee1ng tuy\u1ebft ph\u00f9 h\u1ee3p v\u1edbi m\u1ecdi ng\u01b0\u1eddi, t\u1eeb ng\u01b0\u1eddi m\u1edbi b\u1eaft \u0111\u1ea7u \u0111\u1ebfn nh\u1eefng ng\u01b0\u1eddi \u0111am m\u00ea tuy\u1ebft chuy\u00ean nghi\u1ec7p.<\/p>\n<\/div><\/div>\n<\/div>\n<\/div>\n\n\n\n<div class=\"wp-block-columns is-layout-flex wp-container-core-columns-is-layout-9d6595d7 wp-block-columns-is-layout-flex\">\n<div class=\"wp-block-column column-icon-onsen is-layout-flow wp-block-column-is-layout-flow\">\n<figure class=\"wp-block-image size-full\"><img decoding=\"async\" src=\"https:\/\/wd.fujikanko.co.jp\/wp\/wp-content\/uploads\/2025\/12\/&#x970A;&#x5CF0;&#x9732;&#x5929;&#x98A8;&#x5442;_&#x5973;-&#x30B3;&#x30D4;&#x30FC;.jpg\" alt=\"\" class=\"wp-image-3379\"\/><\/figure>\n\n\n\n<div class=\"wp-block-group\"><div class=\"wp-block-group__inner-container is-layout-constrained wp-block-group-is-layout-constrained\">\n<h3 class=\"wp-block-heading is-style-default\"><a href=\"https:\/\/www.fuji-yurari.jp\/english.html\" target=\"_blank\" rel=\"noreferrer noopener nofollow\">Yurari, m\u1ed9t su\u1ed1i n\u01b0\u1edbc n\u00f3ng v\u1edbi t\u1ea7m nh\u00ecn ra n\u00fai Fuji.<\/a><\/h3>\n\n\n\n<p>M\u1ed9t khu ngh\u1ec9 d\u01b0\u1ee1ng su\u1ed1i n\u01b0\u1edbc n\u00f3ng t\u1ef1 nhi\u00ean d\u00e0nh cho chuy\u1ebfn \u0111i trong ng\u00e0y, v\u1edbi t\u1ed5ng c\u1ed9ng 16 b\u1ec3 t\u1eafm kh\u00e1c nhau, t\u1eeb \u0111\u00f3 c\u00f3 th\u1ec3 ng\u1eafm nh\u00ecn n\u00fai Ph\u00fac Ki\u1ebfn.<\/p>\n<\/div><\/div>\n<\/div>\n\n\n\n<div class=\"wp-block-column column-icon-activity is-layout-flow wp-block-column-is-layout-flow\">\n<figure class=\"wp-block-image size-full\"><a class=\"hover-fade\" href=\"https:\/\/www.subaruland.jp\/\" target=\"_blank\" rel=\"noreferrer noopener\"><img loading=\"lazy\" decoding=\"async\" width=\"960\" height=\"640\" src=\"https:\/\/wd.fujikanko.co.jp\/wp\/wp-content\/uploads\/2024\/04\/facility-subaruland.jpg\" alt=\"\" class=\"wp-image-185\" srcset=\"https:\/\/wd.fujikanko.co.jp\/wp\/wp-content\/uploads\/2024\/04\/facility-subaruland.jpg 960w, https:\/\/wd.fujikanko.co.jp\/wp\/wp-content\/uploads\/2024\/04\/facility-subaruland-300x200.jpg 300w, https:\/\/wd.fujikanko.co.jp\/wp\/wp-content\/uploads\/2024\/04\/facility-subaruland-768x512.jpg 768w\" sizes=\"auto, (max-width: 960px) 100vw, 960px\" \/><\/a><\/figure>\n\n\n\n<div class=\"wp-block-group\"><div class=\"wp-block-group__inner-container is-layout-constrained wp-block-group-is-layout-constrained\">\n<h3 class=\"wp-block-heading\"><a href=\"https:\/\/www.subaruland.jp\/\" target=\"_blank\" rel=\"noreferrer noopener nofollow\">Khu v\u1ef1c Fuji Subaru Land<\/a><\/h3>\n\n\n\n<p>C\u00f4ng vi\u00ean, \u0111\u01b0\u1ee3c bao quanh b\u1edfi r\u1eebng c\u00e2y, cung c\u1ea5p nhi\u1ec1u ho\u1ea1t \u0111\u1ed9ng h\u1ea5p d\u1eabn m\u00e0 c\u1ea3 gia \u0111\u00ecnh c\u00f3 th\u1ec3 c\u00f9ng nhau t\u1eadn h\u01b0\u1edfng.<\/p>\n<\/div><\/div>\n<\/div>\n\n\n\n<div class=\"wp-block-column column-icon-stay is-layout-flow wp-block-column-is-layout-flow\">\n<figure class=\"wp-block-image size-full\"><a class=\"hover-fade\" href=\"https:\/\/www.kyukamura.jp\/\" target=\"_blank\" rel=\"noreferrer noopener\"><img loading=\"lazy\" decoding=\"async\" width=\"960\" height=\"640\" src=\"https:\/\/wd.fujikanko.co.jp\/wp\/wp-content\/uploads\/2024\/04\/facility-kyukamura.jpg\" alt=\"\" class=\"wp-image-184\" srcset=\"https:\/\/wd.fujikanko.co.jp\/wp\/wp-content\/uploads\/2024\/04\/facility-kyukamura.jpg 960w, https:\/\/wd.fujikanko.co.jp\/wp\/wp-content\/uploads\/2024\/04\/facility-kyukamura-300x200.jpg 300w, https:\/\/wd.fujikanko.co.jp\/wp\/wp-content\/uploads\/2024\/04\/facility-kyukamura-768x512.jpg 768w\" sizes=\"auto, (max-width: 960px) 100vw, 960px\" \/><\/a><\/figure>\n\n\n\n<div class=\"wp-block-group\"><div class=\"wp-block-group__inner-container is-layout-constrained wp-block-group-is-layout-constrained\">\n<h3 class=\"wp-block-heading\"><a href=\"https:\/\/www.kyukamura.jp\/\" target=\"_blank\" rel=\"noreferrer noopener nofollow\">L\u00e0ng ngh\u1ec9 m\u00e1t Fuji Midorino<\/a><\/h3>\n\n\n\n<p>M\u1ed9t khu ngh\u1ec9 d\u01b0\u1ee1ng r\u1ed9ng l\u1edbn n\u1eb1m gi\u1eefa thi\u00ean nhi\u00ean. V\u1ecb tr\u00ed thu\u1eadn l\u1ee3i l\u00e0m \u0111i\u1ec3m xu\u1ea5t ph\u00e1t \u0111\u1ec3 tham quan c\u00e1c \u0111\u1ecba \u0111i\u1ec3m xung quanh n\u00fai Ph\u00fac Ki\u1ebfn.<\/p>\n<\/div><\/div>\n<\/div>\n<\/div>\n\n\n\n<div class=\"wp-block-columns is-layout-flex wp-container-core-columns-is-layout-9d6595d7 wp-block-columns-is-layout-flex\">\n<div class=\"wp-block-column column-icon-drink is-layout-flow wp-block-column-is-layout-flow\">\n<figure class=\"wp-block-image size-full\"><a class=\"hover-fade\" href=\"https:\/\/www.fujizakura-beer.jp\/\" target=\"_blank\" rel=\"noreferrer noopener\"><img loading=\"lazy\" decoding=\"async\" width=\"960\" height=\"640\" src=\"https:\/\/wd.fujikanko.co.jp\/wp\/wp-content\/uploads\/2024\/04\/facility-fujizakura-beer.jpg\" alt=\"\" class=\"wp-image-183\" srcset=\"https:\/\/wd.fujikanko.co.jp\/wp\/wp-content\/uploads\/2024\/04\/facility-fujizakura-beer.jpg 960w, https:\/\/wd.fujikanko.co.jp\/wp\/wp-content\/uploads\/2024\/04\/facility-fujizakura-beer-300x200.jpg 300w, https:\/\/wd.fujikanko.co.jp\/wp\/wp-content\/uploads\/2024\/04\/facility-fujizakura-beer-768x512.jpg 768w\" sizes=\"auto, (max-width: 960px) 100vw, 960px\" \/><\/a><\/figure>\n\n\n\n<div class=\"wp-block-group\"><div class=\"wp-block-group__inner-container is-layout-constrained wp-block-group-is-layout-constrained\">\n<h3 class=\"wp-block-heading is-style-default\"><a href=\"https:\/\/www.fujizakura-beer.jp\/\" target=\"_blank\" rel=\"noreferrer noopener nofollow\">Bia Fuji Sakura Kogen<\/a><\/h3>\n\n\n\n<p>H\u00e3y th\u01b0\u1edfng th\u1ee9c bia th\u1ee7 c\u00f4ng \u0111\u01b0\u1ee3c l\u00e0m t\u1eeb ngu\u1ed3n n\u01b0\u1edbc t\u1ef1 nhi\u00ean c\u1ee7a n\u00fai Fuji v\u00e0 c\u00e1c k\u1ef9 thu\u1eadt \u0111\u01b0\u1ee3c h\u1ecdc h\u1ecfi t\u1eeb n\u01b0\u1edbc \u0110\u1ee9c, qu\u00ea h\u01b0\u01a1ng c\u1ee7a bia.<\/p>\n<\/div><\/div>\n<\/div>\n\n\n\n<div class=\"wp-block-column is-layout-flow wp-block-column-is-layout-flow\">\n\n\n<div class=\"wp-block-group\"><div class=\"wp-block-group__inner-container is-layout-constrained wp-block-group-is-layout-constrained\">\n<h3 class=\"wp-block-heading\"><\/h3>\n\n\n\n<p><\/p>\n<\/div><\/div>\n<\/div>\n\n\n\n<div class=\"wp-block-column is-layout-flow wp-block-column-is-layout-flow\">\n\n\n<div class=\"wp-block-group\"><div class=\"wp-block-group__inner-container is-layout-constrained wp-block-group-is-layout-constrained\">\n<h3 class=\"wp-block-heading\"><\/h3>\n\n\n\n<p><\/p>\n<\/div><\/div>\n<\/div>\n<\/div>\n<\/div><\/div>\n<\/div><\/div>\n\n<div class=\"gmap w-large\"><iframe loading=\"lazy\" src=\"https:\/\/www.google.com\/maps\/d\/u\/1\/embed?mid=1oSstn910aup3JGcu9x6bjubdR2fi24w&#038;ehbc=2E312F\" width=\"100%\" height=\"480\" frameborder=\"0\"><\/iframe><\/div>\n","protected":false},"excerpt":{"rendered":"<p>C\u00f4ng ty TNHH Fuji Kanko Kaihatsu gi\u00fap kh\u00e1ch h\u00e0ng t\u1ea1o n\u00ean nh\u1eefng chuy\u1ebfn \u0111i \u0111\u00e1ng nh\u1edb b\u1eb1ng c\u00e1ch cung c\u1ea5p c\u00e1c tour du l\u1ecbch v\u00e0 ti\u1ec7n nghi gi\u1ea3i tr\u00ed \u0111\u1ec3 t\u1eadn h\u01b0\u1edfng v\u1ebb \u0111\u1eb9p c\u1ee7a n\u00fai Fuji v\u00e0 khu v\u1ef1c h\u1ed3 Kawaguchi xung quanh. H\u01a1n n\u1eefa, ch\u00fang t\u00f4i cung c\u1ea5p th\u00f4ng tin du l\u1ecbch v\u00e0 c\u00e1c phi\u1ebfu gi\u1ea3m gi\u00e1 c\u00f3 gi\u00e1 tr\u1ecb cho khu v\u1ef1c n\u00fai Fuji v\u00e0 h\u1ed3 Kawaguchi.<\/p>\n","protected":false},"author":2,"featured_media":0,"parent":0,"menu_order":0,"comment_status":"closed","ping_status":"closed","template":"home.php","meta":{"_acf_changed":false,"footnotes":""},"class_list":["post-555","page","type-page","status-publish","hentry"],"acf":[],"_links":{"self":[{"href":"https:\/\/wd.fujikanko.co.jp\/vi\/wp-json\/wp\/v2\/pages\/555","targetHints":{"allow":["GET"]}}],"collection":[{"href":"https:\/\/wd.fujikanko.co.jp\/vi\/wp-json\/wp\/v2\/pages"}],"about":[{"href":"https:\/\/wd.fujikanko.co.jp\/vi\/wp-json\/wp\/v2\/types\/page"}],"author":[{"embeddable":true,"href":"https:\/\/wd.fujikanko.co.jp\/vi\/wp-json\/wp\/v2\/users\/2"}],"replies":[{"embeddable":true,"href":"https:\/\/wd.fujikanko.co.jp\/vi\/wp-json\/wp\/v2\/comments?post=555"}],"version-history":[{"count":5,"href":"https:\/\/wd.fujikanko.co.jp\/vi\/wp-json\/wp\/v2\/pages\/555\/revisions"}],"predecessor-version":[{"id":3572,"href":"https:\/\/wd.fujikanko.co.jp\/vi\/wp-json\/wp\/v2\/pages\/555\/revisions\/3572"}],"wp:attachment":[{"href":"https:\/\/wd.fujikanko.co.jp\/vi\/wp-json\/wp\/v2\/media?parent=555"}],"curies":[{"name":"wp","href":"https:\/\/api.w.org\/{rel}","templated":true}]}}